{"id":88,"date":"2006-12-04T04:59:37","date_gmt":"2006-12-04T02:59:37","guid":{"rendered":"http:\/\/f3a.fi\/f3a\/fai\/f07\/"},"modified":"2007-12-17T00:23:12","modified_gmt":"2007-12-16T22:23:12","slug":"f07","status":"publish","type":"page","link":"https:\/\/www.f3a.fi\/en\/f3a\/fai\/f07\/","title":{"rendered":"F3A FAI F-07"},"content":{"rendered":"<p><\/p><table class=\"datasheet\" cellpadding=\"0\" cellspacing=\"0\">\n<thead>\n<tr>\n  <th scope='col' class='left'>No <\/th>\n  <th scope='col' class='left'>Finaaliohjelma F-07 vuosille 2006-2007    <\/th>\n  <th scope='col'> K<\/th>\n  <th scope='col' style='width:250px'><br \/><\/th>\n<\/tr>\n<\/thead>\n<tbody>\n<tr>\n  <th scope='row' class='left'>1<\/th>\n  <td class='left'>L\u00e4ht\u00f6<\/td>\n  <td>1<\/td>\n  <td rowspan='20'><a href=\"http:\/\/www.f3a.fi\/wp-content\/uploads\/2006\/12\/f07.png\"><img decoding=\"async\" src=\"http:\/\/www.f3a.fi\/wp-content\/uploads\/2006\/12\/small_f07.png\" title=\"FAI F-07\" id=\"image87\" alt=\"FAI P-07\" \/><\/a><br \/><\/td>\n<\/tr><tr>\n  <th scope='row' class='alt left'>2<\/th>\n  <td class='alt left'>Humbty bumb (veto-ty\u00f6nt\u00f6-ty\u00f6nt\u00f6), 4\/8-kierre yl\u00f6s, positiivinen snap-roll alas, ulos sel\u00e4ll\u00e4\u00e4n<\/td>\n  <td class='alt'>5<br \/><\/td>\n<\/tr><tr>\n  <th scope='row' class='left'>3<\/th>\n  <td class='left'>3\/4 k\u00e4\u00e4nteinen kuubalainen 8, puolikierre, 2\/4-kierre toisella nousulla<\/td>\n  <td>3<br \/><\/td>\n<\/tr><tr>\n  <th scope='row' class='alt left'>4<\/th>\n  <td class='alt left'>K\u00e4\u00e4nteinen kaksois avalanche, negatiivinen snap-roll alhaalla, positiivinen snap-roll ylh\u00e4\u00e4ll\u00e4<\/td>\n  <td class='alt'>5<br \/><\/td>\n<\/tr><tr>\n  <th scope='row' class='left'>5<\/th>\n  <td class='left'>Puolikas ulkopuolinen neli\u00f6silmukka, vastakkaiset 1\/2-kierteet alas, ulos sel\u00e4ll\u00e4\u00e4n<\/td>\n  <td>2<br \/><\/td>\n<\/tr><tr>\n  <th scope='row' class='alt left'>6<\/th>\n  <td class='alt left'>Kuvio-S integroiduilla vastakkaisilla kierteill\u00e4, ulos sel\u00e4ll\u00e4\u00e4n<\/td>\n  <td class='alt'>5<br \/><\/td>\n<\/tr><tr>\n  <th scope='row' class='left'>7<\/th>\n  <td class='left'>Split-S negatiivisella snap-rollilla<\/td>\n  <td>4<br \/><\/td>\n<\/tr><tr>\n  <th scope='row' class='alt left'>8<\/th>\n  <td class='alt left'>Hidas vaakakierre kylkilennosta, ulos sel\u00e4ll\u00e4\u00e4n<\/td>\n  <td class='alt'>5<br \/><\/td>\n<\/tr><tr>\n  <th scope='row' class='left'>9<\/th>\n  <td class='left'>Top Hat, vaiheittainen 3\/4-kierre yl\u00f6s, 3\/4-kierre alas<\/td>\n  <td>3<br \/><\/td>\n<\/tr><tr>\n  <th scope='row' class='alt left'>10<\/th>\n  <td class='alt left'>Vaakakierreympyr\u00e4 kahdella kierteell\u00e4 vastakkaisiin suuntiin<\/td>\n  <td class='alt'>5<br \/><\/td>\n<\/tr><tr>\n  <th scope='row' class='left'>11<\/th>\n  <td class='left'>Humbty bump (veto-ty\u00f6nt\u00f6-veto), 1\/2-kierre alas (vaihtoehtoisesti 1\/4-kiertein)<\/td>\n  <td>3<br \/><\/td>\n<\/tr><tr>\n  <th scope='row' class='alt left'>12<\/th>\n  <td class='alt left'>Puolikas neli\u00f6silmukka, nelivaiheinen kierre yl\u00f6s, 2 1\/2 ulkopuolista sy\u00f6ksykierrett\u00e4, ulos sel\u00e4ll\u00e4\u00e4n<\/td>\n  <td class='alt'>5<br \/><\/td>\n<\/tr><tr>\n  <th scope='row' class='left'>13<\/th>\n  <td class='left'>Puolikas salmiakki puolikiertein<\/td>\n  <td>2<br \/><\/td>\n<\/tr><tr>\n  <th scope='row' class='alt left'>14<\/th>\n  <td class='alt left'>K\u00e4\u00e4nteinen kolmiosilmukka, kylkilento alhaalla<\/td>\n  <td class='alt'>5<br \/><\/td>\n<\/tr><tr>\n  <th scope='row' class='left'>15<\/th>\n  <td class='left'>Puolikas vaakakierresilmukka yhdell\u00e4 kierteell\u00e4 alas, ulos sel\u00e4ll\u00e4\u00e4n<\/td>\n  <td>3<br \/><\/td>\n<\/tr><tr>\n  <th scope='row' class='alt left'>16<\/th>\n  <td class='alt left'>Nelivaiheinen kierre selk\u00e4lennosta, ulos sel\u00e4ll\u00e4\u00e4n<\/td>\n  <td class='alt'>4<br \/><\/td>\n<\/tr><tr>\n  <th scope='row' class='left'>17<\/th>\n  <td class='left'>Pystyk\u00e4\u00e4nn\u00f6s, 4\/8-kierre yl\u00f6s, puolikierre alas, ulos sel\u00e4ll\u00e4\u00e4n<\/td>\n  <td>3<br \/><\/td>\n<\/tr><tr>\n  <th scope='row' class='alt left'>18<\/th>\n  <td class='alt left'>45-asteen nousu, 1 1\/2 negatiivista snap-rollia<\/td>\n  <td class='alt'>4<br \/><\/td>\n<\/tr><tr>\n  <th scope='row' class='left'>19<\/th>\n  <td class='left'>Laskukierros ja lasku<\/td>\n  <td>1<br \/><\/td>\n<\/tr><tr>\n  <th scope='row' class='alt left'>&nbsp;<\/th>\n  <td class='alt right'>Yhteens\u00e4:<\/td>\n  <td class='alt'>68<\/td>\n<\/tr><\/tbody><\/table><p><\/p>\n","protected":false},"excerpt":{"rendered":"<p>No Finaaliohjelma F-07 vuosille 2006-2007 K 1 L\u00e4ht\u00f6 1 2 Humbty bumb (veto-ty\u00f6nt\u00f6-ty\u00f6nt\u00f6), 4\/8-kierre yl\u00f6s, positiivinen snap-roll alas, ulos sel\u00e4ll\u00e4\u00e4n 5 3 3\/4 k\u00e4\u00e4nteinen kuubalainen 8, puolikierre, 2\/4-kierre toisella nousulla 3 4 K\u00e4\u00e4nteinen kaksois avalanche, negatiivinen snap-roll alhaalla, positiivinen snap-roll ylh\u00e4\u00e4ll\u00e4 5 5 Puolikas ulkopuolinen neli\u00f6silmukka, vastakkaiset 1\/2-kierteet alas, ulos sel\u00e4ll\u00e4\u00e4n 2 6 Kuvio-S integroiduilla [&hellip;]<\/p>\n","protected":false},"author":2,"featured_media":0,"parent":82,"menu_order":0,"comment_status":"closed","ping_status":"closed","template":"","meta":{"footnotes":""},"class_list":["post-88","page","type-page","status-publish","hentry","p1","y2006","m12","d04","h07"],"_links":{"self":[{"href":"https:\/\/www.f3a.fi\/en\/wp-json\/wp\/v2\/pages\/88","targetHints":{"allow":["GET"]}}],"collection":[{"href":"https:\/\/www.f3a.fi\/en\/wp-json\/wp\/v2\/pages"}],"about":[{"href":"https:\/\/www.f3a.fi\/en\/wp-json\/wp\/v2\/types\/page"}],"author":[{"embeddable":true,"href":"https:\/\/www.f3a.fi\/en\/wp-json\/wp\/v2\/users\/2"}],"replies":[{"embeddable":true,"href":"https:\/\/www.f3a.fi\/en\/wp-json\/wp\/v2\/comments?post=88"}],"version-history":[{"count":0,"href":"https:\/\/www.f3a.fi\/en\/wp-json\/wp\/v2\/pages\/88\/revisions"}],"up":[{"embeddable":true,"href":"https:\/\/www.f3a.fi\/en\/wp-json\/wp\/v2\/pages\/82"}],"wp:attachment":[{"href":"https:\/\/www.f3a.fi\/en\/wp-json\/wp\/v2\/media?parent=88"}],"curies":[{"name":"wp","href":"https:\/\/api.w.org\/{rel}","templated":true}]}}