{"id":85,"date":"2006-12-04T04:30:36","date_gmt":"2006-12-04T02:30:36","guid":{"rendered":"http:\/\/f3a.fi\/f3a\/fai\/p07\/"},"modified":"2007-12-17T00:22:28","modified_gmt":"2007-12-16T22:22:28","slug":"p07","status":"publish","type":"page","link":"https:\/\/www.f3a.fi\/en\/f3a\/fai\/p07\/","title":{"rendered":"F3A FAI P-07"},"content":{"rendered":"<p><\/p><table class=\"datasheet\" cellpadding=\"0\" cellspacing=\"0\">\n<thead>\n<tr>\n  <th scope='col' class='left'>No <\/th>\n  <th scope='col' class='left'> Alkukierrosohjelma P-07 vuosille 2006-2007 <\/th>\n  <th scope='col'> K<\/th>\n  <th scope='col' style='width:260px'><br \/><\/th>\n<\/tr>\n<\/thead>\n<tbody>\n<tr>\n  <th scope='row' class='left'>1<\/th>\n  <td class='left'>L\u00e4ht\u00f6<\/td>\n  <td>1<\/td>\n  <td rowspan='24'><a href=\"http:\/\/wwwf3a.fi\/wp-content\/uploads\/2006\/12\/p07.png\"><img decoding=\"async\" src=\"http:\/\/www.f3a.fi\/wp-content\/uploads\/2006\/12\/small_p07.png\" title=\"FAI P-07\" id=\"image83\" alt=\"FAI P-07\" \/><\/a><br \/><\/td>\n<\/tr><tr>\n  <th scope='row' class='alt left'>2<\/th>\n  <td class='alt left'>Puolikas apila, 2\/4-kierre yl\u00f6s, 1\/2-kierre alas<\/td>\n  <td class='alt'>4<br \/><\/td>\n<\/tr><tr>\n  <th scope='row' class='left'>3<\/th>\n  <td class='left'>Puolikas salmiakki puolikierteill\u00e4, ulos sel\u00e4ll\u00e4\u00e4n<\/td>\n  <td>2<br \/><\/td>\n<\/tr><tr>\n  <th scope='row' class='alt left'>4<\/th>\n  <td class='alt left'>K\u00e4\u00e4nteinen kuubalainen 8 ylh\u00e4\u00e4lt\u00e4, 2\/4-kierre, 4\/8-kierre, ulos sel\u00e4ll\u00e4\u00e4n<\/td>\n  <td class='alt'>4<br \/><\/td>\n<\/tr><tr>\n  <th scope='row' class='left'>5<\/th>\n  <td class='left'>Puolikas k\u00e4\u00e4nteinen kuubalainen 8 ylh\u00e4\u00e4lt\u00e4 2\/2-kierteell\u00e4<\/td>\n  <td>3<br \/><\/td>\n<\/tr><tr>\n  <th scope='row' class='alt left'>6<\/th>\n  <td class='alt left'>45-asteen sy\u00f6ksy, 1 1\/2 positiivinen snap roll, ulos sel\u00e4ll\u00e4\u00e4n<\/td>\n  <td class='alt'>4<br \/><\/td>\n<\/tr><tr>\n  <th scope='row' class='left'>7<\/th>\n  <td class='left'>Humpty Bump (ty\u00f6nt\u00f6-ty\u00f6nt\u00f6-ty\u00f6nt\u00f6), 1\/2-kierre yl\u00f6s, ulos sel\u00e4ll\u00e4\u00e4n (tai \u00bc-kierre yl\u00f6s ja \u00bc-kierre alas)<\/td>\n  <td>3<br \/><\/td>\n<\/tr><tr>\n  <th scope='row' class='alt left'>8<\/th>\n  <td class='alt left'>8-vaiheinen kierre selk\u00e4lennosta<\/td>\n  <td class='alt'>5<br \/><\/td>\n<\/tr><tr>\n  <th scope='row' class='left'>9<\/th>\n  <td class='left'>Pystyk\u00e4\u00e4nn\u00f6s, 1\/2-kierre yl\u00f6s, 2\/2-kierre alas<\/td>\n  <td>3<br \/><\/td>\n<\/tr><tr>\n  <th scope='row' class='alt left'>10<\/th>\n  <td class='alt left'>Silmukka integroitu 4\/4-kierre laella<\/td>\n  <td class='alt'>4<br \/><\/td>\n<\/tr><tr>\n  <th scope='row' class='left'>11<\/th>\n  <td class='left'>Immelmann<\/td>\n  <td>1<br \/><\/td>\n<\/tr><tr>\n  <th scope='row' class='alt left'>12<\/th>\n  <td class='alt left'>Salmiakki ylh\u00e4\u00e4lt\u00e4 1\/2-kierteill\u00e4<\/td>\n  <td class='alt'>5<br \/><\/td>\n<\/tr><tr>\n  <th scope='row' class='left'>13<\/th>\n  <td class='left'>Kuvio-6 1\/2-kierteell\u00e4<\/td>\n  <td>2<br \/><\/td>\n<\/tr><tr>\n  <th scope='row' class='alt left'>14<\/th>\n  <td class='alt left'>Tiimalasi keskelt\u00e4, yl\u00e4osa ensin, 2\/4-kierre alas, ulos sel\u00e4ll\u00e4\u00e4n<\/td>\n  <td class='alt'>4<br \/><\/td>\n<\/tr><tr>\n  <th scope='row' class='left'>15<\/th>\n  <td class='left'>3\/4 pystykahdeksikko, yl\u00e4osa ensin<\/td>\n  <td>2<br \/><\/td>\n<\/tr><tr>\n  <th scope='row' class='alt left'>16<\/th>\n  <td class='alt left'>Vastakkaiset kylkilennot, ulos sel\u00e4ll\u00e4\u00e4n<\/td>\n  <td class='alt'>5<br \/><\/td>\n<\/tr><tr>\n  <th scope='row' class='left'>17<\/th>\n  <td class='left'>Puolikas ulkopuolinen neli\u00f6silmukka, 2\/4-kierre yl\u00f6s, ulos sel\u00e4ll\u00e4\u00e4n<\/td>\n  <td>2<br \/><\/td>\n<\/tr><tr>\n  <th scope='row' class='alt left'>18<\/th>\n  <td class='alt left'>2 1\/2 ulkopuolista sy\u00f6ksykierrett\u00e4<\/td>\n  <td class='alt'>4<br \/><\/td>\n<\/tr><tr>\n  <th scope='row' class='left'>19<\/th>\n  <td class='left'>Puolikas vaakatiimalasi, 1\/2-kierre, vastakkaiset 1\/2-kierteet toisella nousulla<\/td>\n  <td>3<br \/><\/td>\n<\/tr><tr>\n  <th scope='row' class='alt left'>20<\/th>\n  <td class='alt left'>Vaakakahdeksikko ylh\u00e4\u00e4lt\u00e4 integroiduilla puolikierteill\u00e4<\/td>\n  <td class='alt'>4<br \/><\/td>\n<\/tr><tr>\n  <th scope='row' class='left'>21<\/th>\n  <td class='left'>Puolikas ulkopuolinen silmukka, kierre, ulos sel\u00e4ll\u00e4\u00e4n<\/td>\n  <td>2<br \/><\/td>\n<\/tr><tr>\n  <th scope='row' class='alt left'>22<\/th>\n  <td class='alt left'>Kuusikulmainen silmukka, 2\/4-kierre ylh\u00e4\u00e4ll\u00e4<\/td>\n  <td class='alt'>4<br \/><\/td>\n<\/tr><tr>\n  <th scope='row' class='left'>23<\/th>\n  <td class='left'>Laskukierros ja lasku<\/td>\n  <td>1<br \/><\/td>\n<\/tr><tr>\n  <th scope='row' class='alt left'>&nbsp;<\/th>\n  <td class='alt right'>Yhteens\u00e4:<\/td>\n  <td class='alt'>72<\/td>\n<\/tr><\/tbody><\/table><p><\/p>\n","protected":false},"excerpt":{"rendered":"<p>No Alkukierrosohjelma P-07 vuosille 2006-2007 K 1 L\u00e4ht\u00f6 1 2 Puolikas apila, 2\/4-kierre yl\u00f6s, 1\/2-kierre alas 4 3 Puolikas salmiakki puolikierteill\u00e4, ulos sel\u00e4ll\u00e4\u00e4n 2 4 K\u00e4\u00e4nteinen kuubalainen 8 ylh\u00e4\u00e4lt\u00e4, 2\/4-kierre, 4\/8-kierre, ulos sel\u00e4ll\u00e4\u00e4n 4 5 Puolikas k\u00e4\u00e4nteinen kuubalainen 8 ylh\u00e4\u00e4lt\u00e4 2\/2-kierteell\u00e4 3 6 45-asteen sy\u00f6ksy, 1 1\/2 positiivinen snap roll, ulos sel\u00e4ll\u00e4\u00e4n 4 7 Humpty [&hellip;]<\/p>\n","protected":false},"author":2,"featured_media":0,"parent":82,"menu_order":0,"comment_status":"closed","ping_status":"closed","template":"","meta":{"footnotes":""},"class_list":["post-85","page","type-page","status-publish","hentry","p1","y2006","m12","d04","h07"],"_links":{"self":[{"href":"https:\/\/www.f3a.fi\/en\/wp-json\/wp\/v2\/pages\/85","targetHints":{"allow":["GET"]}}],"collection":[{"href":"https:\/\/www.f3a.fi\/en\/wp-json\/wp\/v2\/pages"}],"about":[{"href":"https:\/\/www.f3a.fi\/en\/wp-json\/wp\/v2\/types\/page"}],"author":[{"embeddable":true,"href":"https:\/\/www.f3a.fi\/en\/wp-json\/wp\/v2\/users\/2"}],"replies":[{"embeddable":true,"href":"https:\/\/www.f3a.fi\/en\/wp-json\/wp\/v2\/comments?post=85"}],"version-history":[{"count":0,"href":"https:\/\/www.f3a.fi\/en\/wp-json\/wp\/v2\/pages\/85\/revisions"}],"up":[{"embeddable":true,"href":"https:\/\/www.f3a.fi\/en\/wp-json\/wp\/v2\/pages\/82"}],"wp:attachment":[{"href":"https:\/\/www.f3a.fi\/en\/wp-json\/wp\/v2\/media?parent=85"}],"curies":[{"name":"wp","href":"https:\/\/api.w.org\/{rel}","templated":true}]}}