{"id":7231,"date":"2016-12-13T22:38:43","date_gmt":"2016-12-13T19:38:43","guid":{"rendered":"http:\/\/www.f3a.fi\/?page_id=7231"},"modified":"2017-02-08T19:16:52","modified_gmt":"2017-02-08T16:16:52","slug":"f3p-sm-kilpailut-2017","status":"publish","type":"page","link":"https:\/\/www.f3a.fi\/en\/f3p-sm-kilpailut-2017\/","title":{"rendered":"2017 F3P Open Finnish Championship"},"content":{"rendered":"<p><a href=\"http:\/\/www.f3a.fi\/wp-content\/uploads\/2014\/10\/140308_F3P_Iittala_2014_37.jpg\"><img loading=\"lazy\" decoding=\"async\" class=\"alignnone size-medium wp-image-6823\" title=\"F3P Open International contest in Iittala\" src=\"http:\/\/www.f3a.fi\/wp-content\/uploads\/2014\/10\/140308_F3P_Iittala_2014_37-660x357.jpg\" alt=\"\" width=\"660\" height=\"357\" srcset=\"https:\/\/www.f3a.fi\/wp-content\/uploads\/2014\/10\/140308_F3P_Iittala_2014_37-660x357.jpg 660w, https:\/\/www.f3a.fi\/wp-content\/uploads\/2014\/10\/140308_F3P_Iittala_2014_37-960x519.jpg 960w\" sizes=\"auto, (max-width: 660px) 100vw, 660px\" \/><\/a><\/p>\n<p><strong>Contest<\/strong><\/p>\n<p>2017 F3P Open Finnish Championship will be oraganised in Iittala on 11th February\u00a02017. The classes flown: FAI, Advanced, Sport. Aeromusicals will be flown as a show for the spectators, without a contest.<\/p>\n<p><b>Schedule<\/b><\/p>\n<p>FAI class will follow FAI rules including 3 preliminary rounds and 3 final rounds. In Advanced and Sport classes 3\u00a0rounds.<\/p>\n<p>Friday 10th free practise at 19.00-23.00.<\/p>\n<p><a href=\"http:\/\/www.f3a.fi\/wp-content\/uploads\/2016\/12\/iittala_aikataulu_2017.jpg\"><img loading=\"lazy\" decoding=\"async\" class=\"alignnone size-full wp-image-7260\" src=\"http:\/\/www.f3a.fi\/wp-content\/uploads\/2016\/12\/iittala_aikataulu_2017.jpg\" alt=\"iittala aikataulu 2017\" width=\"554\" height=\"681\" srcset=\"https:\/\/www.f3a.fi\/wp-content\/uploads\/2016\/12\/iittala_aikataulu_2017.jpg 554w, https:\/\/www.f3a.fi\/wp-content\/uploads\/2016\/12\/iittala_aikataulu_2017-358x440.jpg 358w, https:\/\/www.f3a.fi\/wp-content\/uploads\/2016\/12\/iittala_aikataulu_2017-521x640.jpg 521w\" sizes=\"auto, (max-width: 554px) 100vw, 554px\" \/><\/a><\/p>\n<p><strong>Sequences<\/strong><\/p>\n<p>FAI sequences are the official FAI AP-17 and AF-17. Advanced sequence is FAI AA-17 and Sport is a national sequence. Sequences can be found via the link below.<\/p>\n<p><a href=\"http:\/\/www.f3a.fi\/en\/f3a\/indoor\/\">http:\/\/www.f3a.fi\/en\/f3a\/indoor\/<\/a><\/p>\n<p><strong>Participation fees<\/strong><\/p>\n<p>&#8211; FAI 40e<\/p>\n<p>&#8211; Advanced 35e\u00a0(15e for juniors below 18 years)<\/p>\n<p>&#8211; Sport 30e (10e for juniors below 18 years)<\/p>\n<p><strong>Contest place<\/strong><\/p>\n<p>Iittala is located 120km (1,5 hour trip by car) north of Helsinki. Address: Hollaajantie 2, 14500 Iittala, Finland.<\/p>\n<p><a href=\"http:\/\/g.co\/maps\/y9etb\">http:\/\/g.co\/maps\/f44zw<\/a><\/p>\n<p>By airplane you can arrive at Helsinki airport. To Helsinki (120km from Iittala)\u00a0and Turku (150km from Iittala) there are also good ship connections from Sweden, Estonia, Poland and Germany. The distance to Iittala from Vaalimaa border crossing (from Russia) is 250km.<\/p>\n<p>The hall is a school gym with an area of 25m x 45m and the height of the ceiling is 10-12m. The hall is perfect for indoor flying.<\/p>\n<p><a href=\"http:\/\/g.co\/maps\/3dyty\">http:\/\/g.co\/maps\/3dyty<\/a><\/p>\n<p><strong>Accommodation<\/strong><\/p>\n<p>In case of help needed for booking accommodation, please contact Janne.<\/p>\n<p><strong>Food<\/strong><\/p>\n<p>Lunch is available at Lasim\u00e4ki restaurant (200 m from the hall) or\u00a0at Shell gas station (2 km from the hall).\u00a0There will be a buffet with small snacks, drinks, coffee etc in the hall on saturday.<\/p>\n<p><strong>Registered pilots (updated on 8th February 2017)<\/strong><\/p>\n<p><strong>FAI<\/strong><\/p>\n<ol>\n<li>Janne Lappi<\/li>\n<li>Iiro Lehto<\/li>\n<li>Kimmo Kaukoranta<\/li>\n<li>Alexey Lantsov (RUS)<\/li>\n<li>Evgeniy Medkov (RUS)<\/li>\n<li>Jarmo Heinonen<\/li>\n<li>Risto H\u00f6ltt\u00e4<\/li>\n<li>Dmitry Starostov (RUS)<\/li>\n<li>Donatas Pauzuolis (LT)<\/li>\n<li>Zilvinas Lapacinskas (LT)<\/li>\n<li>Felix Scander (SWE)<\/li>\n<li>Gunnar Karlsson (SWE)<\/li>\n<\/ol>\n<p><strong>Advanced (F3P-B)<\/strong><\/p>\n<ol>\n<li>Erkko Saviaro<\/li>\n<li>Emma Tuunala<\/li>\n<li>Edvin Penart (EST)<\/li>\n<\/ol>\n<p><strong>Sport<\/strong><\/p>\n<ol>\n<li>Mikael Troberg<\/li>\n<li>Kari Kumpulainen<\/li>\n<li>Miro Siev\u00e4nen<\/li>\n<\/ol>\n<p><strong>Aeromusical show flights<\/strong><\/p>\n<ol>\n<li>Janne Lappi<\/li>\n<li>Iiro Lehto<\/li>\n<li>Kimmo Kaukoranta<\/li>\n<li>Donatas Pauzuolis (LT)<\/li>\n<\/ol>\n<p><strong>Judges<\/strong><\/p>\n<p>Esa Eirola<br \/>\nErkko Saviaro<br \/>\nPekka J\u00e4\u00e4skel\u00e4inen<br \/>\nIgor Shilov (RUS)<br \/>\nIgnas Matulevicius (LT)<\/p>\n<p>&nbsp;<\/p>\n<p>Registrations via email: <span class=\"emailShroud_protectedAddress\" id=\"sto_emailShroud2\" >janne.lappi<span class=\"emailShroud_transformedAddress\"> [email: janne.lappi #AT# saunalahti.fi ]<\/span><\/span><\/p>\n<p>Please don&#8217;t hesitate to contact us in case of any questions concerning the event and travelling: <span class=\"emailShroud_protectedAddress\" id=\"sto_emailShroud3\" >janne.lappi<span class=\"emailShroud_transformedAddress\"> [email: janne.lappi #AT# saunalahti.fi ]<\/span><\/span> \/ <span class=\"emailShroud_protectedAddress\" id=\"sto_emailShroud4\" >kimmo.kaukoranta<span class=\"emailShroud_transformedAddress\"> [email: kimmo.kaukoranta #AT# gmail.com ]<\/span><\/span><\/p>\n<p>F3A Team Finland<\/p>\n<p>&nbsp;<\/p>","protected":false},"excerpt":{"rendered":"<p>Contest 2017 F3P Open Finnish Championship will be oraganised in Iittala on 11th February\u00a02017. The classes flown: FAI, Advanced, Sport. Aeromusicals will be flown as a show for the spectators, without a contest. Schedule FAI class will follow FAI rules including 3 preliminary rounds and 3 final rounds. In Advanced and Sport classes 3\u00a0rounds. Friday [&hellip;]<\/p>\n","protected":false},"author":2,"featured_media":0,"parent":0,"menu_order":0,"comment_status":"closed","ping_status":"closed","template":"","meta":{"footnotes":""},"class_list":["post-7231","page","type-page","status-publish","hentry","p1","y2016","m12","d14","h01"],"_links":{"self":[{"href":"https:\/\/www.f3a.fi\/en\/wp-json\/wp\/v2\/pages\/7231","targetHints":{"allow":["GET"]}}],"collection":[{"href":"https:\/\/www.f3a.fi\/en\/wp-json\/wp\/v2\/pages"}],"about":[{"href":"https:\/\/www.f3a.fi\/en\/wp-json\/wp\/v2\/types\/page"}],"author":[{"embeddable":true,"href":"https:\/\/www.f3a.fi\/en\/wp-json\/wp\/v2\/users\/2"}],"replies":[{"embeddable":true,"href":"https:\/\/www.f3a.fi\/en\/wp-json\/wp\/v2\/comments?post=7231"}],"version-history":[{"count":22,"href":"https:\/\/www.f3a.fi\/en\/wp-json\/wp\/v2\/pages\/7231\/revisions"}],"predecessor-version":[{"id":7262,"href":"https:\/\/www.f3a.fi\/en\/wp-json\/wp\/v2\/pages\/7231\/revisions\/7262"}],"wp:attachment":[{"href":"https:\/\/www.f3a.fi\/en\/wp-json\/wp\/v2\/media?parent=7231"}],"curies":[{"name":"wp","href":"https:\/\/api.w.org\/{rel}","templated":true}]}}