{"id":7021,"date":"2016-02-28T19:59:21","date_gmt":"2016-02-28T16:59:21","guid":{"rendered":"http:\/\/www.f3a.fi\/?page_id=7021"},"modified":"2016-03-03T20:19:22","modified_gmt":"2016-03-03T17:19:22","slug":"f3p-sm-kilpailut-2016","status":"publish","type":"page","link":"https:\/\/www.f3a.fi\/en\/f3p-sm-kilpailut-2016\/","title":{"rendered":"2016 F3P Open Finnish Championship"},"content":{"rendered":"<p><a href=\"http:\/\/www.f3a.fi\/wp-content\/uploads\/2014\/10\/140308_F3P_Iittala_2014_37.jpg\"><img loading=\"lazy\" decoding=\"async\" class=\"alignnone size-medium wp-image-6823\" title=\"F3P Open International contest in Iittala\" src=\"http:\/\/www.f3a.fi\/wp-content\/uploads\/2014\/10\/140308_F3P_Iittala_2014_37-660x357.jpg\" alt=\"\" width=\"660\" height=\"357\" srcset=\"https:\/\/www.f3a.fi\/wp-content\/uploads\/2014\/10\/140308_F3P_Iittala_2014_37-660x357.jpg 660w, https:\/\/www.f3a.fi\/wp-content\/uploads\/2014\/10\/140308_F3P_Iittala_2014_37-960x519.jpg 960w\" sizes=\"auto, (max-width: 660px) 100vw, 660px\" \/><\/a><\/p>\n<p><strong>Contest<\/strong><\/p>\n<p>2016 F3P Open Finnish Championship will be oraganised in Iittala on 26th March\u00a02016. The classes flown: FAI, Advanced, Sport. Aeromusicals will be flown as a show for the spectators, without a contest.<\/p>\n<p><strong>Timetable<\/strong><\/p>\n<p>On Friday 25th there will be a practise session at 19.00-22.30.<\/p>\n<p>The event starts at 8.00 on Saturday with practice and registration. Estimated schedule:\u00a0Briefing and calibration flight at 10.00 and the hall is reserved till 22.00. There will be free flying till the end in the evening if the competition is finished earlier. FAI class will follow FAI&#8217;s rules including 3 or 4 preliminary rounds and 3 final rounds. In Advanced and Sport classes 3 or 4 rounds.<\/p>\n<p><strong>Sequences<\/strong><\/p>\n<p>FAI sequences are the official FAI AP-17 and AF-17. Advanced sequence is FAI AA-17 and Sport is a national sequence. Sequences can be found via the link below.<\/p>\n<p><a href=\"http:\/\/www.f3a.fi\/en\/f3a\/indoor\/\">http:\/\/www.f3a.fi\/en\/f3a\/indoor\/<\/a><\/p>\n<p><strong>Participation fees<\/strong><\/p>\n<p>&#8211; FAI 40e<\/p>\n<p>&#8211; Advanced 35e\u00a0(15e for juniors below 18 years)<\/p>\n<p>&#8211; Sport 30e (10e for juniors below 18 years)<\/p>\n<p><strong>Contest place<\/strong><\/p>\n<p>Iittala is located 120km (1,5 hour trip by car) north of Helsinki. Address: Hollaajantie 2, 14500 Iittala, Finland.<\/p>\n<p><a href=\"http:\/\/g.co\/maps\/y9etb\">http:\/\/g.co\/maps\/f44zw<\/a><\/p>\n<p>By airplane you can arrive at Helsinki airport. To Helsinki (120km from Iittala)\u00a0and Turku (150km from Iittala) there are also good ship connections from Sweden, Estonia, Poland and Germany. The distance to Iittala from Vaalimaa border crossing (from Russia) is 250km.<\/p>\n<p>The hall is a school gym with an area of 25m x 45m and the height of the ceiling is 10-12m. The hall big and perfect for indoor flying.<\/p>\n<p><a href=\"http:\/\/g.co\/maps\/3dyty\">http:\/\/g.co\/maps\/3dyty<\/a><\/p>\n<p>For walking on the floor of the hall indoor shoes are recommended. Competitors&#8217; equipment can be stored in the hall from Friday at 19:00 till Saturday at 20:00\u00a0in the locker\u00a0rooms.<\/p>\n<p><strong>Accommodation<\/strong><\/p>\n<p><em><strong>Lepaanranta cabins<\/strong><\/em><br \/>\n<a href=\"http:\/\/www.hameenlinna.fi\/Palvelut\/LinnanInfra\/Luontopalvelut-ulkoliikunta-ja-virkistys\/Mokit-ja-laavut\/Lepaanranta\/\">http:\/\/www.hameenlinna.fi\/Palvelut\/LinnanInfra\/Luontopalvelut-ulkoliikunta-ja-virkistys\/Mokit-ja-laavut\/Lepaanranta\/<\/a><\/p>\n<p>Owned by the city of H\u00e4meenlinna, located 6km from the hall. Very basic accommodation, you need your own bed linen, there is only a matress on the floor etc. We have reserved two cabins for fri-sat and sat-sun. Normally\u00a08-10 persons per cabin is\u00a0suitable\u00a0but the absolute limit is 13 persons. Price will be about 20-25 euro per person per night.\u00a0Price will be defined\u00a0precisely later\u00a0when we know the number of persons. Please email <span class=\"emailShroud_protectedAddress\" id=\"sto_emailShroud2\" >janne.lappi<span class=\"emailShroud_transformedAddress\"> [email: janne.lappi #AT# saunalahti.fi ]<\/span><\/span> if interested in this option. Address is\u00a0Hartunk\u00e4rjentie 156, 14500 H\u00e4meenlinna. The first to arrive can get the key from Saku Nyman, +358 50 412 2596.<\/p>\n<p><strong><em>Hotels<\/em><\/strong><\/p>\n<p>Hotels available in city of H\u00e4meenlinna, located 25 km south of Iittala.\u00a0<a href=\"http:\/\/www.booking.com\/searchresults.en-gb.html?aid=310019&amp;label=hameenlinna-q_KNFBP_dzf8BdIMICE4DgS46510027146%3Apl%3Ata%3Ap15%3Ap2%3Aac%3Aap1t1%3Aneg%3Afi%3Atiaud-146342135830%3Akwd-629179245%3Alp1005576%3Ali%3Adec%3Adm&amp;sid=35019c3f380c39aaeb0a7a1f237d639c&amp;dcid=4&amp;city=-1364028&amp;class_interval=1&amp;csflt=%7B%7D&amp;dtdisc=0&amp;hlrd=0&amp;hyb_red=1&amp;inac=0&amp;label_click=undef&amp;nha_red=0&amp;offset=0&amp;offset_unavail=1&amp;redirected_from_city=1&amp;redirected_from_landmark=0&amp;redirected_from_region=0&amp;review_score_group=empty&amp;room1=A%2CA&amp;sb_price_type=total&amp;score_min=0&amp;src=city&amp;ss_all=0&amp;ssb=empty&amp;sshis=0&amp;lang=en-gb&amp;nflt=&amp;tfl_cwh=1\">http:\/\/www.booking.com\/searchresults.en-gb&#8230;&#8230;&#8230;&#8230;.<\/a><\/p>\n<p><strong>Food<\/strong><\/p>\n<p>On Saturday 8th it is possible to have lunch in the <a href=\"http:\/\/www.lasimaenravintola.fi\/\">Lasim\u00e4ki restaurant<\/a>, 200 m from the hall.<\/p>\n<p>There will be a buffet with small snacks, drinks, coffee etc in the hall on saturday. For friday evening and late on saturday, it is recommended to reserve some own snacks. Close to the hall there is also a gas station that offers food at night as well.<\/p>\n<p><strong>Registered pilots (updated on 28th February\u00a02015)<\/strong><\/p>\n<p><strong>FAI<\/strong><\/p>\n<ol>\n<li>Janne Lappi<\/li>\n<li>Iiro Lehto<\/li>\n<li>Kimmo Kaukoranta<\/li>\n<li>Jarmo Heinonen<\/li>\n<li>Igor Shilov (RUS)<\/li>\n<li>Eugene Medkov (RUS)<\/li>\n<li>Alexey Lantsov (RUS)<\/li>\n<\/ol>\n<p><strong>Advanced (F3P-B)<\/strong><\/p>\n<ol>\n<li>Risto H\u00f6ltt\u00e4<\/li>\n<li>Anssi Aunola<\/li>\n<li>Jarmo Heinonen<\/li>\n<li>Emma Tuunala<\/li>\n<li>Erkko Saviaro<\/li>\n<\/ol>\n<p><strong>Sport<\/strong><\/p>\n<ol>\n<li>Emma Tuunala<\/li>\n<\/ol>\n<p><strong>Aeromusical show flights<\/strong><\/p>\n<ol>\n<li>Janne Lappi<\/li>\n<li>Iiro Lehto<\/li>\n<li>Kimmo Kaukoranta<\/li>\n<\/ol>\n<p><strong>Judges<\/strong><\/p>\n<p>Esa Eirola<br \/>\nRaimo S\u00e4llinen<br \/>\nPekka J\u00e4\u00e4skel\u00e4inen<\/p>\n<p>&nbsp;<\/p>\n<p>Registrations via email: <span class=\"emailShroud_protectedAddress\" id=\"sto_emailShroud3\" >janne.lappi<span class=\"emailShroud_transformedAddress\"> [email: janne.lappi #AT# saunalahti.fi ]<\/span><\/span><\/p>\n<p>Please don&#8217;t hesitate to contact us in case of any questions concerning the event and travelling: <span class=\"emailShroud_protectedAddress\" id=\"sto_emailShroud4\" >janne.lappi<span class=\"emailShroud_transformedAddress\"> [email: janne.lappi #AT# saunalahti.fi ]<\/span><\/span> \/ <span class=\"emailShroud_protectedAddress\" id=\"sto_emailShroud5\" >kimmo.kaukoranta<span class=\"emailShroud_transformedAddress\"> [email: kimmo.kaukoranta #AT# gmail.com ]<\/span><\/span><\/p>\n<p>F3A Team Finland<\/p>\n<p>&nbsp;<\/p>","protected":false},"excerpt":{"rendered":"<p>Contest 2016 F3P Open Finnish Championship will be oraganised in Iittala on 26th March\u00a02016. The classes flown: FAI, Advanced, Sport. Aeromusicals will be flown as a show for the spectators, without a contest. Timetable On Friday 25th there will be a practise session at 19.00-22.30. The event starts at 8.00 on Saturday with practice and [&hellip;]<\/p>\n","protected":false},"author":53,"featured_media":0,"parent":0,"menu_order":0,"comment_status":"closed","ping_status":"closed","template":"","meta":{"footnotes":""},"class_list":["post-7021","page","type-page","status-publish","hentry","p1","y2016","m02","d28","h22"],"_links":{"self":[{"href":"https:\/\/www.f3a.fi\/en\/wp-json\/wp\/v2\/pages\/7021","targetHints":{"allow":["GET"]}}],"collection":[{"href":"https:\/\/www.f3a.fi\/en\/wp-json\/wp\/v2\/pages"}],"about":[{"href":"https:\/\/www.f3a.fi\/en\/wp-json\/wp\/v2\/types\/page"}],"author":[{"embeddable":true,"href":"https:\/\/www.f3a.fi\/en\/wp-json\/wp\/v2\/users\/53"}],"replies":[{"embeddable":true,"href":"https:\/\/www.f3a.fi\/en\/wp-json\/wp\/v2\/comments?post=7021"}],"version-history":[{"count":17,"href":"https:\/\/www.f3a.fi\/en\/wp-json\/wp\/v2\/pages\/7021\/revisions"}],"predecessor-version":[{"id":7050,"href":"https:\/\/www.f3a.fi\/en\/wp-json\/wp\/v2\/pages\/7021\/revisions\/7050"}],"wp:attachment":[{"href":"https:\/\/www.f3a.fi\/en\/wp-json\/wp\/v2\/media?parent=7021"}],"curies":[{"name":"wp","href":"https:\/\/api.w.org\/{rel}","templated":true}]}}