{"id":364,"date":"2007-09-23T01:08:48","date_gmt":"2007-09-22T22:08:48","guid":{"rendered":"http:\/\/www.f3a.fi\/f3a\/history\/"},"modified":"2017-07-24T10:25:54","modified_gmt":"2017-07-24T07:25:54","slug":"history","status":"publish","type":"page","link":"https:\/\/www.f3a.fi\/en\/f3a\/history\/","title":{"rendered":"Archives"},"content":{"rendered":"<p><\/p>\n<h3>Vanhoja <a href=\"\/f3a\/fai\">FAI-luokan<\/a> ohjelmia<\/h3>\n<p>Vuosien 2008-2009 \u00a0alkukierrosohjelma P-09 <a href=\"\/f3a\/fai\/p09\">arestikuviona<\/a>, <a href=\"..\/wp-content\/uploads\/2008\/05\/p09_call_sheet_v05.pdf\">PDF-dokumenttina, <\/a><a href=\"http:\/\/www.youtube.com\/watch?v=gD8-VMyiE6Q\">video Youtube:ssa<\/a><br \/>\nVuosien 2008-2009 finaaliohjelma\u00a0 F-09 <a href=\"\/f3a\/fai\/f09\">arestikuviona<\/a>, <a href=\"..\/wp-content\/uploads\/2008\/05\/f09_call_sheet_v05.pdf\">PDF-dokumenttina<\/a>, <a href=\"http:\/\/www.youtube.com\/watch?v=f_5W7X8CvUA\">video Youtube:ssa<\/a><\/p>\n<p>Vuosien 2006-2007 alkukierrosohjelma P-07<a href=\"\/f3a\/fai\/p07\"> arestikuviona<\/a>,<a href=\"..\/wp-content\/uploads\/2006\/11\/p07_call_sheet_v01.pdf\"> PDF-dokumenttina<\/a><br \/>\nVuosien 2006-2007 finaaliohjelma <a href=\"\/f3a\/fai\/f07\">arestikuviona<\/a>, <a href=\"..\/wp-content\/uploads\/2006\/11\/f07_call_sheet_v02.pdf\">PDF-dokumenttina<\/a><\/p>\n<p>Vuosien 2004-2005 alkukierrosohjelma P-05 <a href=\"\/f3a\/fai\/p05\">arestikuviona<\/a><br \/>\nVuosien 2004-2005 finaaliohjelma F-05 <a href=\"\/f3a\/fai\/f05\">arestikuviona<\/a><\/p>\n<p>Vuosien 2002-2003 alkukierrosohjelma P-03 <a href=\"http:\/\/users.tkk.fi\/%7Ejkarppin\/f3a\/taitolennatys\/fai\/ohjelma_p03.html\">aresti<\/a>&#8211; tai <a href=\"http:\/\/users.tkk.fi\/%7Ejkarppin\/f3a\/taitolennatys\/fai\/ohjelma_p03_nauha.html\">nauhakuviona<\/a><br \/>\nVuosien 2002-2003 finaaliohjelma F-03 <a href=\"http:\/\/users.tkk.fi\/%7Ejkarppin\/f3a\/taitolennatys\/fai\/ohjelma_f03.html\">aresti<\/a>&#8211; tai nauhakuviona<\/p>\n<p>Vuosien 2000-2001 alkukierrosohjelma <a href=\"http:\/\/users.tkk.fi\/%7Ejkarppin\/f3a\/taitolennatys\/fai\/ohjelma_p01.html\">P-01<\/a> ja finaaliohjelma <a href=\"http:\/\/users.tkk.fi\/%7Ejkarppin\/f3a\/taitolennatys\/fai\/ohjelma_f01.html\">F-01<\/a><\/p>\n<h3>Vanhoja <a href=\"\/f3a\/nordic\">Nordic-luokan<\/a> ohjelmia<\/h3>\n<p><a href=\"\/f3a\/nordic\/nordic2007\">Nordic 2007<\/a> (2006-2007)<\/p>\n<p><a href=\"\/f3a\/nordic\/nordic2002\">Nordic 2002<\/a> (2002-2005)<\/p>\n<h3>Vanhoja sis\u00e4taitolento-ohjelmia<\/h3>\n<p><a href=\"http:\/\/airtoimedia.nl\/web\/upload\/JurgenHeilig\/F3P-A-2009-4.wmv\">F3P-A<\/a><\/p>\n<p>Vanha\u00a0F3P <a href=\"http:\/\/www.f3a.fi\/wp-content\/uploads\/2007\/04\/f3p_fai_call_sheet.pdf\">FAI<\/a>-ohjelma jota lennettiin viel\u00e4 talvella 2007-2008.<\/p>\n<p>Vanhat Aeromusicals s\u00e4\u00e4nn\u00f6t <a href=\"\/wp-content\/uploads\/2007\/04\/freestyle_saannot.pdf\">suomennettuna<\/a> ja arvosteluperusteet <a href=\"\/wp-content\/uploads\/2007\/04\/2004ciamantragf3ai-annex-2.pdf\">englanniksi<\/a>.<\/p>\n<h3>Muita vanhoja ja k\u00e4yt\u00f6st\u00e4 poistuneita ohjelmia<\/h3>\n<p><a href=\"\/f3a\/history\/pelikaani\/\">Pelikaani<\/a> (1980-90 luvut)<\/p>\n<p><a href=\"\/f3a\/history\/classic\">Classic<\/a> (1970-luku)<\/p>\n<h3>Old <a href=\"\/f3a\/fai\">FAI-class<\/a> programs<\/h3>\n<p>Vuosien 2008-2009 \u00a0alkukierrosohjelma P-09 <a href=\"\/f3a\/fai\/p09\">arestikuviona<\/a>, <a href=\"..\/wp-content\/uploads\/2008\/05\/p09_call_sheet_v05.pdf\">PDF-dokumenttina, <\/a><a href=\"http:\/\/www.youtube.com\/watch?v=gD8-VMyiE6Q\">video Youtube:ssa<\/a><br \/>\nVuosien 2008-2009 finaaliohjelma\u00a0 F-09 <a href=\"\/f3a\/fai\/f09\">arestikuviona<\/a>, <a href=\"..\/wp-content\/uploads\/2008\/05\/f09_call_sheet_v05.pdf\">PDF-dokumenttina<\/a>, <a href=\"http:\/\/www.youtube.com\/watch?v=f_5W7X8CvUA\">video Youtube:ssa<\/a><\/p>\n<p>Vuosien 2006-2007 alkukierrosohjelma P-07<a href=\"\/f3a\/fai\/p07\"> arestikuviona<\/a>,<a href=\"..\/wp-content\/uploads\/2006\/11\/p07_call_sheet_v01.pdf\"> PDF-dokumenttina<\/a><br \/>\nVuosien 2006-2007 finaaliohjelma <a href=\"\/f3a\/fai\/f07\">arestikuviona<\/a>, <a href=\"..\/wp-content\/uploads\/2006\/11\/f07_call_sheet_v02.pdf\">PDF-dokumenttina<\/a><\/p>\n<p>Vuosien 2004-2005 alkukierrosohjelma P-05 <a href=\"\/f3a\/fai\/p05\">arestikuviona<\/a><br \/>\nVuosien 2004-2005 finaaliohjelma F-05 <a href=\"\/f3a\/fai\/f05\">arestikuviona<\/a><\/p>\n<p>Vuosien 2002-2003 alkukierrosohjelma P-03 <a href=\"http:\/\/users.tkk.fi\/%7Ejkarppin\/f3a\/taitolennatys\/fai\/ohjelma_p03.html\">aresti<\/a>&#8211; tai <a href=\"http:\/\/users.tkk.fi\/%7Ejkarppin\/f3a\/taitolennatys\/fai\/ohjelma_p03_nauha.html\">nauhakuviona<\/a><br \/>\nVuosien 2002-2003 finaaliohjelma F-03 <a href=\"http:\/\/users.tkk.fi\/%7Ejkarppin\/f3a\/taitolennatys\/fai\/ohjelma_f03.html\">aresti<\/a>&#8211; tai nauhakuviona<\/p>\n<p>Vuosien 2000-2001 alkukierrosohjelma <a href=\"http:\/\/users.tkk.fi\/%7Ejkarppin\/f3a\/taitolennatys\/fai\/ohjelma_p01.html\">P-01<\/a> ja finaaliohjelma <a href=\"http:\/\/users.tkk.fi\/%7Ejkarppin\/f3a\/taitolennatys\/fai\/ohjelma_f01.html\">F-01<\/a><\/p>\n<h3>Old <a href=\"\/f3a\/nordic\">Nordic-class<\/a> programs:<\/h3>\n<p><a href=\"\/f3a\/nordic\/nordic2007\">Nordic 2007<\/a> (2006-2007)<\/p>\n<p><a href=\"\/f3a\/nordic\/nordic2002\">Nordic 2002<\/a> (2002-2005)<\/p>\n<h3>Other old programs:<\/h3>\n<p><a href=\"\/f3a\/history\/pelikaani\/\">Pelikaani<\/a> (the 1980s and 90s)<\/p>\n<p><a href=\"\/f3a\/history\/classic\">Classic<\/a> (the 1970s)<\/p>","protected":false},"excerpt":{"rendered":"<p>Vanhoja FAI-luokan ohjelmia Vuosien 2008-2009 \u00a0alkukierrosohjelma P-09 arestikuviona, PDF-dokumenttina, video Youtube:ssa Vuosien 2008-2009 finaaliohjelma\u00a0 F-09 arestikuviona, PDF-dokumenttina, video Youtube:ssa Vuosien 2006-2007 alkukierrosohjelma P-07 arestikuviona, PDF-dokumenttina Vuosien 2006-2007 finaaliohjelma arestikuviona, PDF-dokumenttina Vuosien 2004-2005 alkukierrosohjelma P-05 arestikuviona Vuosien 2004-2005 finaaliohjelma F-05 arestikuviona Vuosien 2002-2003 alkukierrosohjelma P-03 aresti&#8211; tai nauhakuviona Vuosien 2002-2003 finaaliohjelma F-03 aresti&#8211; tai nauhakuviona Vuosien [&hellip;]<\/p>\n","protected":false},"author":2,"featured_media":0,"parent":5,"menu_order":22,"comment_status":"closed","ping_status":"closed","template":"","meta":{"footnotes":""},"class_list":["post-364","page","type-page","status-publish","hentry","p1","y2007","m09","d23","h04"],"_links":{"self":[{"href":"https:\/\/www.f3a.fi\/en\/wp-json\/wp\/v2\/pages\/364","targetHints":{"allow":["GET"]}}],"collection":[{"href":"https:\/\/www.f3a.fi\/en\/wp-json\/wp\/v2\/pages"}],"about":[{"href":"https:\/\/www.f3a.fi\/en\/wp-json\/wp\/v2\/types\/page"}],"author":[{"embeddable":true,"href":"https:\/\/www.f3a.fi\/en\/wp-json\/wp\/v2\/users\/2"}],"replies":[{"embeddable":true,"href":"https:\/\/www.f3a.fi\/en\/wp-json\/wp\/v2\/comments?post=364"}],"version-history":[{"count":14,"href":"https:\/\/www.f3a.fi\/en\/wp-json\/wp\/v2\/pages\/364\/revisions"}],"predecessor-version":[{"id":7298,"href":"https:\/\/www.f3a.fi\/en\/wp-json\/wp\/v2\/pages\/364\/revisions\/7298"}],"up":[{"embeddable":true,"href":"https:\/\/www.f3a.fi\/en\/wp-json\/wp\/v2\/pages\/5"}],"wp:attachment":[{"href":"https:\/\/www.f3a.fi\/en\/wp-json\/wp\/v2\/media?parent=364"}],"curies":[{"name":"wp","href":"https:\/\/api.w.org\/{rel}","templated":true}]}}