{"id":34,"date":"2006-11-29T23:06:25","date_gmt":"2006-11-29T21:06:25","guid":{"rendered":"http:\/\/www.f3a.fi\/team\/contact\/"},"modified":"2021-10-27T17:19:34","modified_gmt":"2021-10-27T14:19:34","slug":"contact","status":"publish","type":"page","link":"https:\/\/www.f3a.fi\/en\/team\/contact\/","title":{"rendered":"Contact"},"content":{"rendered":"<p><strong id=\"board\">Team board and contact information<\/strong><\/p>\n<p><\/p><table class=\"datasheet\" cellpadding=\"0\" cellspacing=\"0\">\n<tbody>\n<tr>\n  <th scope='row' class='bullet top left'>Chairman<\/th>\n  <td class='top'>Kimmo Kaukoranta<br\/>kimmo.kaukoranta(at)gmail.com<br\/>+358 50 301 8896<br \/><\/td>\n<\/tr><tr>\n  <th scope='row' class='bulletalt left'>Vice chairman<\/th>\n  <td class='alt'>Pekka J\u00e4\u00e4skel\u00e4inen<br\/>pekkajsk(at)gmail.com<br \/><\/td>\n<\/tr><tr>\n  <th scope='row' class='bullet left'>Secretary<\/th>\n  <td>Risto H\u00f6ltt\u00e4<br\/>risto.holtta(at)gmail.com<br\/>050 5500036<br \/><\/td>\n<\/tr><tr>\n  <th scope='row' class='bulletalt left'>Treasurer<\/th>\n  <td class='alt'>Iiro Lehto<br\/>lehtoiiro(at)gmail.com<br\/>040 8457 854<br \/><\/td>\n<\/tr><tr>\n  <th scope='row' class='bullet left'>Public relations<\/th>\n  <td>Janne Lappi<br\/>janne.lappi(at)saunalahti.fi<br \/><\/td>\n<\/tr><tr>\n  <th scope='row' class='bulletalt left'>NAC representative<\/th>\n  <td class='alt'>Pekka J\u00e4\u00e4skel\u00e4inen<br\/>pekkajsk(at)gmail.com<br\/><br \/><\/td>\n<\/tr><tr>\n  <th scope='row' class='bullet left'>CIAM representative<\/th>\n  <td>Esa Eirola<br\/>eeirola(at)gmail.com<br \/><\/td>\n<\/tr><\/tbody><\/table><p><\/p>\n<p><strong id=\"form\">Contact form<\/strong><br \/>\nIn addition to e-mailing board members, you can also use the contact form below to give us valuable comments, feedback or ask any questions related to aerobatics.<\/p>\n<p>On subjects concerning this web site the site administrator <span class=\"emailShroud_protectedAddress\" id=\"sto_emailShroud2\" >Juho Kolehmainen<span class=\"emailShroud_transformedAddress\"> [email: Juho.Kolehmainen #AT# iki.fi ]<\/span><\/span> can be contacted directly.<\/p>","protected":false},"excerpt":{"rendered":"<p>Team board and contact information Chairman Kimmo Kaukorantakimmo.kaukoranta(at)gmail.com+358 50 301 8896 Vice chairman Pekka J\u00e4\u00e4skel\u00e4inenpekkajsk(at)gmail.com Secretary Risto H\u00f6ltt\u00e4risto.holtta(at)gmail.com050 5500036 Treasurer Iiro Lehtolehtoiiro(at)gmail.com040 8457 854 Public relations Janne Lappijanne.lappi(at)saunalahti.fi NAC representative Pekka J\u00e4\u00e4skel\u00e4inenpekkajsk(at)gmail.com CIAM representative Esa Eirolaeeirola(at)gmail.com Contact form In addition to e-mailing board members, you can also use the contact form below to give us [&hellip;]<\/p>\n","protected":false},"author":2,"featured_media":0,"parent":2,"menu_order":0,"comment_status":"closed","ping_status":"closed","template":"","meta":{"footnotes":""},"class_list":["post-34","page","type-page","status-publish","hentry","p1","y2006","m11","d30","h02"],"_links":{"self":[{"href":"https:\/\/www.f3a.fi\/en\/wp-json\/wp\/v2\/pages\/34","targetHints":{"allow":["GET"]}}],"collection":[{"href":"https:\/\/www.f3a.fi\/en\/wp-json\/wp\/v2\/pages"}],"about":[{"href":"https:\/\/www.f3a.fi\/en\/wp-json\/wp\/v2\/types\/page"}],"author":[{"embeddable":true,"href":"https:\/\/www.f3a.fi\/en\/wp-json\/wp\/v2\/users\/2"}],"replies":[{"embeddable":true,"href":"https:\/\/www.f3a.fi\/en\/wp-json\/wp\/v2\/comments?post=34"}],"version-history":[{"count":26,"href":"https:\/\/www.f3a.fi\/en\/wp-json\/wp\/v2\/pages\/34\/revisions"}],"predecessor-version":[{"id":7639,"href":"https:\/\/www.f3a.fi\/en\/wp-json\/wp\/v2\/pages\/34\/revisions\/7639"}],"up":[{"embeddable":true,"href":"https:\/\/www.f3a.fi\/en\/wp-json\/wp\/v2\/pages\/2"}],"wp:attachment":[{"href":"https:\/\/www.f3a.fi\/en\/wp-json\/wp\/v2\/media?parent=34"}],"curies":[{"name":"wp","href":"https:\/\/api.w.org\/{rel}","templated":true}]}}