{"id":150,"date":"2007-02-18T14:02:15","date_gmt":"2007-02-18T12:02:15","guid":{"rendered":"http:\/\/f3a.fi\/f3a\/fai\/f05\/"},"modified":"2007-04-08T14:39:04","modified_gmt":"2007-04-08T12:39:04","slug":"f05","status":"publish","type":"page","link":"https:\/\/www.f3a.fi\/en\/f3a\/fai\/f05\/","title":{"rendered":"F3A FAI F-05"},"content":{"rendered":"<p><\/p><table class=\"datasheet\" cellpadding=\"0\" cellspacing=\"0\">\n<thead>\n<tr>\n  <th scope='col' class='left'>No <\/th>\n  <th scope='col' class='left'> Finaaliohjelma F-05 vuosille 2004-2005 <\/th>\n  <th scope='col'> K<\/th>\n  <th scope='col' style='width:250px'><br \/><\/th>\n<\/tr>\n<\/thead>\n<tbody>\n<tr>\n  <th scope='row' class='left'>1<\/th>\n  <td class='left'>Nousu<\/td>\n  <td>1<\/td>\n  <td rowspan='20'><a href=\"\/wp-content\/uploads\/2003\/07\/f05.gif\" title=\"F3A FAI F-05\"><img decoding=\"async\" src=\"\/wp-content\/uploads\/2003\/07\/small_f05.gif\" title=\"F3A FAI F-05\" alt=\"F3A FAI F-05\" \/><\/a><br \/><\/td>\n<\/tr><tr>\n  <th scope='row' class='alt left'>2<\/th>\n  <td class='alt left'>Vaakakierresilmukka<\/td>\n  <td class='alt'>5<br \/><\/td>\n<\/tr><tr>\n  <th scope='row' class='left'>3<\/th>\n  <td class='left'>Puolikas k\u00e4rkineli\u00f6silmukka, 2\/4-kierteet, ulos sel\u00e4ll\u00e4\u00e4n<\/td>\n  <td>2<br \/><\/td>\n<\/tr><tr>\n  <th scope='row' class='alt left'>4<\/th>\n  <td class='alt left'>K\u00e4\u00e4nteinen humpty-bump, kierre alas ja positiivinen snap-roll yl\u00f6s, ulos sel\u00e4ll\u00e4\u00e4n<\/td>\n  <td class='alt'>5<br \/><\/td>\n<\/tr><tr>\n  <th scope='row' class='left'>5<\/th>\n  <td class='left'>Kuvio 6, \u00bd kierre alas, ulos sel\u00e4ll\u00e4\u00e4n<\/td>\n  <td>2<br \/><\/td>\n<\/tr><tr>\n  <th scope='row' class='alt left'>6<\/th>\n  <td class='alt left'>K\u00e4\u00e4nteinen tiimalasi, yl\u00e4osa ensin, 2\/4-kierre alas<\/td>\n  <td class='alt'>4<br \/><\/td>\n<\/tr><tr>\n  <th scope='row' class='left'>7<\/th>\n  <td class='left'>Kaksi positiivista sy\u00f6ksykierrett\u00e4, ulos sel\u00e4ll\u00e4\u00e4n<\/td>\n  <td>3<br \/><\/td>\n<\/tr><tr>\n  <th scope='row' class='alt left'>8<\/th>\n  <td class='alt left'>Vastakkaiset \u00be-kierteet, ulos sel\u00e4ll\u00e4\u00e4n<\/td>\n  <td class='alt'>4<br \/><\/td>\n<\/tr><tr>\n  <th scope='row' class='left'>9<\/th>\n  <td class='left'>Pystyk\u00e4\u00e4nn\u00f6s, 2\/8-kierre yl\u00f6s, \u00be-kierre alas<\/td>\n  <td>3<br \/><\/td>\n<\/tr><tr>\n  <th scope='row' class='alt left'>10<\/th>\n  <td class='alt left'>Vaakakierreympyr\u00e4, kolme vastakkaista kierrett\u00e4, ensimm\u00e4inen ulosp\u00e4in<\/td>\n  <td class='alt'>5<br \/><\/td>\n<\/tr><tr>\n  <th scope='row' class='left'>11<\/th>\n  <td class='left'>Puolikierre, puolikas ulkopuolinen silmukka, kierre<\/td>\n  <td>3<br \/><\/td>\n<\/tr><tr>\n  <th scope='row' class='alt left'>12<\/th>\n  <td class='alt left'>K\u00e4\u00e4nteinen avalanche, 1 \u00bd negatiivinen snap-roll, ulos sel\u00e4ll\u00e4\u00e4n<\/td>\n  <td class='alt'>5<br \/><\/td>\n<\/tr><tr>\n  <th scope='row' class='left'>13<\/th>\n  <td class='left'>K\u00e4\u00e4nteinen humpty bump, veto-ty\u00f6nt\u00f6-ty\u00f6nt\u00f6, 2\/8-kierre alas, \u00bc kierre yl\u00f6s (tai 2\/4-kierre alas, \u00bd kierre yl\u00f6s)<\/td>\n  <td>3<br \/><\/td>\n<\/tr><tr>\n  <th scope='row' class='alt left'>14<\/th>\n  <td class='alt left'>K\u00e4\u00e4nteinen golfpallo, \u00bd kierteill\u00e4<\/td>\n  <td class='alt'>4<br \/><\/td>\n<\/tr><tr>\n  <th scope='row' class='left'>15<\/th>\n  <td class='left'>Puolikas ulkopuolinen neli\u00f6silmukka, 1 \u00bd positiivinen snap-roll alas<\/td>\n  <td>4<br \/><\/td>\n<\/tr><tr>\n  <th scope='row' class='alt left'>16<\/th>\n  <td class='alt left'>Vastakkaiset kylkilennot, ulos sel\u00e4ll\u00e4\u00e4n<\/td>\n  <td class='alt'>5<br \/><\/td>\n<\/tr><tr>\n  <th scope='row' class='left'>17<\/th>\n  <td class='left'>Ulkopuolinen vaakakierrepuolisilmukka<\/td>\n  <td>3<br \/><\/td>\n<\/tr><tr>\n  <th scope='row' class='alt left'>18<\/th>\n  <td class='alt left'>45\u00ba lasku, 2\/4-kierre ja negatiivinen vastakkainen snap-roll, \u00bd kierre<\/td>\n  <td class='alt'>5<br \/><\/td>\n<\/tr><tr>\n  <th scope='row' class='left'>19<\/th>\n  <td class='left'>Lasku<\/td>\n  <td>1<br \/><\/td>\n<\/tr><tr>\n  <th scope='row' class='alt left'>&nbsp;<\/th>\n  <td class='alt right'>Yhteens\u00e4:<\/td>\n  <td class='alt'>67<\/td>\n<\/tr><\/tbody><\/table><p><\/p>\n","protected":false},"excerpt":{"rendered":"<p>No Finaaliohjelma F-05 vuosille 2004-2005 K 1 Nousu 1 2 Vaakakierresilmukka 5 3 Puolikas k\u00e4rkineli\u00f6silmukka, 2\/4-kierteet, ulos sel\u00e4ll\u00e4\u00e4n 2 4 K\u00e4\u00e4nteinen humpty-bump, kierre alas ja positiivinen snap-roll yl\u00f6s, ulos sel\u00e4ll\u00e4\u00e4n 5 5 Kuvio 6, \u00bd kierre alas, ulos sel\u00e4ll\u00e4\u00e4n 2 6 K\u00e4\u00e4nteinen tiimalasi, yl\u00e4osa ensin, 2\/4-kierre alas 4 7 Kaksi positiivista sy\u00f6ksykierrett\u00e4, ulos sel\u00e4ll\u00e4\u00e4n 3 [&hellip;]<\/p>\n","protected":false},"author":2,"featured_media":0,"parent":82,"menu_order":0,"comment_status":"closed","ping_status":"closed","template":"","meta":{"footnotes":""},"class_list":["post-150","page","type-page","status-publish","hentry","p1","y2007","m02","d18","h17"],"_links":{"self":[{"href":"https:\/\/www.f3a.fi\/en\/wp-json\/wp\/v2\/pages\/150","targetHints":{"allow":["GET"]}}],"collection":[{"href":"https:\/\/www.f3a.fi\/en\/wp-json\/wp\/v2\/pages"}],"about":[{"href":"https:\/\/www.f3a.fi\/en\/wp-json\/wp\/v2\/types\/page"}],"author":[{"embeddable":true,"href":"https:\/\/www.f3a.fi\/en\/wp-json\/wp\/v2\/users\/2"}],"replies":[{"embeddable":true,"href":"https:\/\/www.f3a.fi\/en\/wp-json\/wp\/v2\/comments?post=150"}],"version-history":[{"count":0,"href":"https:\/\/www.f3a.fi\/en\/wp-json\/wp\/v2\/pages\/150\/revisions"}],"up":[{"embeddable":true,"href":"https:\/\/www.f3a.fi\/en\/wp-json\/wp\/v2\/pages\/82"}],"wp:attachment":[{"href":"https:\/\/www.f3a.fi\/en\/wp-json\/wp\/v2\/media?parent=150"}],"curies":[{"name":"wp","href":"https:\/\/api.w.org\/{rel}","templated":true}]}}