{"id":144,"date":"2007-02-18T12:55:21","date_gmt":"2007-02-18T10:55:21","guid":{"rendered":"http:\/\/f3a.fi\/p05\/"},"modified":"2007-04-08T14:38:27","modified_gmt":"2007-04-08T12:38:27","slug":"p05","status":"publish","type":"page","link":"https:\/\/www.f3a.fi\/en\/f3a\/fai\/p05\/","title":{"rendered":"F3A FAI P-05"},"content":{"rendered":"<p><\/p><table class=\"datasheet\" cellpadding=\"0\" cellspacing=\"0\">\n<thead>\n<tr>\n  <th scope='col' class='left'>No <\/th>\n  <th scope='col' class='left'> Alkukierrosohjelma P-05 vuosille 2004-2005 <\/th>\n  <th scope='col'> K<\/th>\n  <th scope='col' style='width:240px'><br \/><\/th>\n<\/tr>\n<\/thead>\n<tbody>\n<tr>\n  <th scope='row' class='left'>1<\/th>\n  <td class='left'>L\u00e4ht\u00f6<\/td>\n  <td>1<\/td>\n  <td rowspan='24'><a href=\"\/wp-content\/uploads\/2003\/07\/p05.gif\" title=\"FAI P-05\"><img decoding=\"async\" src=\"\/wp-content\/uploads\/2003\/07\/small_p05.gif\" title=\"FAI P-05\" alt=\"FAI P-05\" \/><\/a><br \/><\/td>\n<\/tr><tr>\n  <th scope='row' class='alt left'>2<\/th>\n  <td class='alt left'>K\u00e4\u00e4nteinen kuubalainen 8, 4\/8-kierre, 2\/2-kierre, ulos sel\u00e4ll\u00e4\u00e4n<\/td>\n  <td class='alt'>4<br \/><\/td>\n<\/tr><tr>\n  <th scope='row' class='left'>3<\/th>\n  <td class='left'>Pystyk\u00e4\u00e4nn\u00f6s, 2\/4-kierre yl\u00f6s, ulkopuolinen snap-roll alas<\/td>\n  <td>4<br \/><\/td>\n<\/tr><tr>\n  <th scope='row' class='alt left'>4<\/th>\n  <td class='alt left'>Vastakkaiset 2\/4 kierteet<\/td>\n  <td class='alt'>4<br \/><\/td>\n<\/tr><tr>\n  <th scope='row' class='left'>5<\/th>\n  <td class='left'>Puolikas neli\u00f6silmukka, kierre yl\u00f6s, ulos sel\u00e4ll\u00e4\u00e4n<\/td>\n  <td>2<br \/><\/td>\n<\/tr><tr>\n  <th scope='row' class='alt left'>6<\/th>\n  <td class='alt left'>Kolmiosilmukka sel\u00e4ll\u00e4\u00e4n \u00bd kierteill\u00e4, ulos sel\u00e4ll\u00e4\u00e4n<\/td>\n  <td class='alt'>3<br \/><\/td>\n<\/tr><tr>\n  <th scope='row' class='left'>7<\/th>\n  <td class='left'>Kaksi ulkopuolista sy\u00f6ksykierrett\u00e4<\/td>\n  <td>2<br \/><\/td>\n<\/tr><tr>\n  <th scope='row' class='alt left'>8<\/th>\n  <td class='alt left'>Silmukka hitaalla kierteell\u00e4<\/td>\n  <td class='alt'>4<br \/><\/td>\n<\/tr><tr>\n  <th scope='row' class='left'>9<\/th>\n  <td class='left'>Puolikas apila, 2\/4-kierre yl\u00f6s, \u00bd kierre alas, ulos sel\u00e4ll\u00e4\u00e4n<\/td>\n  <td>3<br \/><\/td>\n<\/tr><tr>\n  <th scope='row' class='alt left'>10<\/th>\n  <td class='alt left'>Nelivaiheinen 45\u00ba nousussa, ulos sel\u00e4ll\u00e4\u00e4n<\/td>\n  <td class='alt'>4<br \/><\/td>\n<\/tr><tr>\n  <th scope='row' class='left'>11<\/th>\n  <td class='left'>K\u00e4\u00e4nteinen humpty-bump, veto-ty\u00f6nt\u00f6-ty\u00f6nto, 2\/4-kierre alas, \u00bd kierre yl\u00f6s (tai \u00be-kierre alas, \u00bc kierre yl\u00f6s)<\/td>\n  <td>3<br \/><\/td>\n<\/tr><tr>\n  <th scope='row' class='alt left'>12<\/th>\n  <td class='alt left'>K\u00e4\u00e4nteinen kaksois-immelmann, kierre, 2\/4-kierre, ulos sel\u00e4ll\u00e4\u00e4n<\/td>\n  <td class='alt'>4<br \/><\/td>\n<\/tr><tr>\n  <th scope='row' class='left'>13<\/th>\n  <td class='left'>Kultakala puolikierteill\u00e4<\/td>\n  <td>2<br \/><\/td>\n<\/tr><tr>\n  <th scope='row' class='alt left'>14<\/th>\n  <td class='alt left'>Neli\u00f6silmukka, \u00bd kierteet pystyosilla, 2\/4-kierteet vaakaosilla<\/td>\n  <td class='alt'>5<br \/><\/td>\n<\/tr><tr>\n  <th scope='row' class='left'>15<\/th>\n  <td class='left'>Puolikas k\u00e4\u00e4nteinen kuubalainen kierteell\u00e4, ulos sel\u00e4ll\u00e4\u00e4n<\/td>\n  <td>2<br \/><\/td>\n<\/tr><tr>\n  <th scope='row' class='alt left'>16<\/th>\n  <td class='alt left'>4\/8-kierre ja vastakkainen hidas kierre<\/td>\n  <td class='alt'>5<br \/><\/td>\n<\/tr><tr>\n  <th scope='row' class='left'>17<\/th>\n  <td class='left'>Humpty-bump, veto-veto-ty\u00f6nto, positiivinen snap-roll yl\u00f6s, ulos sel\u00e4ll\u00e4\u00e4n keskikorkeudelle<\/td>\n  <td>4<br \/><\/td>\n<\/tr><tr>\n  <th scope='row' class='alt left'>18<\/th>\n  <td class='alt left'>Pystykahdeksikko, yl\u00e4osa ensin, integroitu \u00bd-kierre keskell\u00e4<\/td>\n  <td class='alt'>3<br \/><\/td>\n<\/tr><tr>\n  <th scope='row' class='left'>19<\/th>\n  <td class='left'>Split S kierteell\u00e4, ulos sel\u00e4ll\u00e4\u00e4n<\/td>\n  <td>2<br \/><\/td>\n<\/tr><tr>\n  <th scope='row' class='alt left'>20<\/th>\n  <td class='alt left'>Vastakkaiset 3\/4-hitaat vaakakierteet, ulos sel\u00e4ll\u00e4\u00e4n<\/td>\n  <td class='alt'>4<br \/><\/td>\n<\/tr><tr>\n  <th scope='row' class='left'>21<\/th>\n  <td class='left'>Puolikas ulkopuolinen neli\u00f6silmukka, 2\/4-kierre yl\u00f6s, ulos sel\u00e4ll\u00e4\u00e4n<\/td>\n  <td>2<br \/><\/td>\n<\/tr><tr>\n  <th scope='row' class='alt left'>22<\/th>\n  <td class='alt left'>2+2 ulkopuolista sy\u00f6ksykierrett\u00e4 vastakkaisiin suuntiin, \u00bd kierre<\/td>\n  <td class='alt'>4<br \/><\/td>\n<\/tr><tr>\n  <th scope='row' class='left'>23<\/th>\n  <td class='left'>Lasku<\/td>\n  <td>1<br \/><\/td>\n<\/tr><tr>\n  <th scope='row' class='alt left'>&nbsp;<\/th>\n  <td class='alt right'>Yhteens\u00e4:<\/td>\n  <td class='alt'>72<\/td>\n<\/tr><\/tbody><\/table><p><\/p>\n","protected":false},"excerpt":{"rendered":"<p>No Alkukierrosohjelma P-05 vuosille 2004-2005 K 1 L\u00e4ht\u00f6 1 2 K\u00e4\u00e4nteinen kuubalainen 8, 4\/8-kierre, 2\/2-kierre, ulos sel\u00e4ll\u00e4\u00e4n 4 3 Pystyk\u00e4\u00e4nn\u00f6s, 2\/4-kierre yl\u00f6s, ulkopuolinen snap-roll alas 4 4 Vastakkaiset 2\/4 kierteet 4 5 Puolikas neli\u00f6silmukka, kierre yl\u00f6s, ulos sel\u00e4ll\u00e4\u00e4n 2 6 Kolmiosilmukka sel\u00e4ll\u00e4\u00e4n \u00bd kierteill\u00e4, ulos sel\u00e4ll\u00e4\u00e4n 3 7 Kaksi ulkopuolista sy\u00f6ksykierrett\u00e4 2 8 Silmukka hitaalla [&hellip;]<\/p>\n","protected":false},"author":2,"featured_media":0,"parent":82,"menu_order":0,"comment_status":"closed","ping_status":"closed","template":"","meta":{"footnotes":""},"class_list":["post-144","page","type-page","status-publish","hentry","p1","y2007","m02","d18","h15"],"_links":{"self":[{"href":"https:\/\/www.f3a.fi\/en\/wp-json\/wp\/v2\/pages\/144","targetHints":{"allow":["GET"]}}],"collection":[{"href":"https:\/\/www.f3a.fi\/en\/wp-json\/wp\/v2\/pages"}],"about":[{"href":"https:\/\/www.f3a.fi\/en\/wp-json\/wp\/v2\/types\/page"}],"author":[{"embeddable":true,"href":"https:\/\/www.f3a.fi\/en\/wp-json\/wp\/v2\/users\/2"}],"replies":[{"embeddable":true,"href":"https:\/\/www.f3a.fi\/en\/wp-json\/wp\/v2\/comments?post=144"}],"version-history":[{"count":0,"href":"https:\/\/www.f3a.fi\/en\/wp-json\/wp\/v2\/pages\/144\/revisions"}],"up":[{"embeddable":true,"href":"https:\/\/www.f3a.fi\/en\/wp-json\/wp\/v2\/pages\/82"}],"wp:attachment":[{"href":"https:\/\/www.f3a.fi\/en\/wp-json\/wp\/v2\/media?parent=144"}],"curies":[{"name":"wp","href":"https:\/\/api.w.org\/{rel}","templated":true}]}}